{"id":4115,"date":"2025-04-14T15:17:28","date_gmt":"2025-04-14T15:17:28","guid":{"rendered":"https:\/\/www.kiga-hoengen.de\/?page_id=4115"},"modified":"2025-04-14T15:17:36","modified_gmt":"2025-04-14T15:17:36","slug":"4115-2","status":"publish","type":"page","link":"https:\/\/www.kiga-hoengen.de\/?page_id=4115","title":{"rendered":"Impressum"},"content":{"rendered":"<div class=\"wpb-content-wrapper\"><p>[vc_row][vc_column][vc_column_text css=&#8220;&#8220;]Familienzentrum St. Lambertus<br \/>\n<span class=\"cke_widget_wrapper cke_widget_inline diysem-ui-wrapper cke_widget_selected\" tabindex=\"-1\" contenteditable=\"false\" data-cke-widget-wrapper=\"1\" data-cke-filter=\"off\" data-cke-display-name=\"span\" data-cke-widget-id=\"5\"><span class=\"diysemanticplaceholder cke_widget_element\" data-semantic-data-key=\"streetAddress\/street\" data-cke-widget-data=\"{&quot;code&quot;:&quot;streetAddress\/street&quot;,&quot;value&quot;:&quot;Op de Berg&quot;,&quot;deleteHackListener&quot;:false}\" data-cke-widget-upcasted=\"1\" data-cke-widget-keep-attr=\"0\" data-widget=\"diysemanticplaceholder\">Op de Berg<\/span><span class=\"cke_reset cke_widget_drag_handler_container\"><span class=\"cke_reset cke_widget_drag_handler\" title=\"Zum verschieben anw\u00e4hlen und ziehen\" draggable=\"true\" data-cke-widget-drag-handler=\"1\">\u00a0<\/span><\/span><span class=\"diysem-ui-delete-box\"><span class=\"diysem-ui-delete\" title=\"Platzhalter entfernen\">\u00a0<\/span><\/span><\/span>\u00a0<span class=\"cke_widget_wrapper cke_widget_inline diysem-ui-wrapper cke_widget_selected\" tabindex=\"-1\" contenteditable=\"false\" data-cke-widget-wrapper=\"1\" data-cke-filter=\"off\" data-cke-display-name=\"span\" data-cke-widget-id=\"4\"><span class=\"diysemanticplaceholder cke_widget_element\" data-semantic-data-key=\"streetAddress\/number\" data-cke-widget-data=\"{&quot;code&quot;:&quot;streetAddress\/number&quot;,&quot;value&quot;:&quot;18&quot;,&quot;deleteHackListener&quot;:false}\" data-cke-widget-upcasted=\"1\" data-cke-widget-keep-attr=\"0\" data-widget=\"diysemanticplaceholder\">18<\/span><span class=\"cke_reset cke_widget_drag_handler_container\"><span class=\"cke_reset cke_widget_drag_handler\" title=\"Zum verschieben anw\u00e4hlen und ziehen\" draggable=\"true\" data-cke-widget-drag-handler=\"1\">\u00a0<\/span><\/span><span class=\"diysem-ui-delete-box\"><span class=\"diysem-ui-delete\" title=\"Platzhalter entfernen\">\u00a0<\/span><\/span><\/span><br \/>\n<span class=\"cke_widget_wrapper cke_widget_inline diysem-ui-wrapper cke_widget_selected\" tabindex=\"-1\" contenteditable=\"false\" data-cke-widget-wrapper=\"1\" data-cke-filter=\"off\" data-cke-display-name=\"span\" data-cke-widget-id=\"3\"><span class=\"diysemanticplaceholder cke_widget_element\" data-semantic-data-key=\"postalCode\" data-cke-widget-data=\"{&quot;code&quot;:&quot;postalCode&quot;,&quot;value&quot;:&quot;52538&quot;,&quot;deleteHackListener&quot;:false}\" data-cke-widget-upcasted=\"1\" data-cke-widget-keep-attr=\"0\" data-widget=\"diysemanticplaceholder\">52538<\/span><span class=\"cke_reset cke_widget_drag_handler_container\"><span class=\"cke_reset cke_widget_drag_handler\" title=\"Zum verschieben anw\u00e4hlen und ziehen\" draggable=\"true\" data-cke-widget-drag-handler=\"1\">\u00a0<\/span><\/span><span class=\"diysem-ui-delete-box\"><span class=\"diysem-ui-delete\" title=\"Platzhalter entfernen\">\u00a0<\/span><\/span><\/span>\u00a0<span class=\"cke_widget_wrapper cke_widget_inline diysem-ui-wrapper cke_widget_selected\" tabindex=\"-1\" contenteditable=\"false\" data-cke-widget-wrapper=\"1\" data-cke-filter=\"off\" data-cke-display-name=\"span\" data-cke-widget-id=\"2\"><span class=\"diysemanticplaceholder cke_widget_element\" data-semantic-data-key=\"addressLocality\" data-cke-widget-data=\"{&quot;code&quot;:&quot;addressLocality&quot;,&quot;value&quot;:&quot;Selfkant&quot;,&quot;deleteHackListener&quot;:true}\" data-cke-widget-upcasted=\"1\" data-cke-widget-keep-attr=\"0\" data-widget=\"diysemanticplaceholder\">Selfkant<\/span><span class=\"cke_reset cke_widget_drag_handler_container\"><span class=\"cke_reset cke_widget_drag_handler\" title=\"Zum verschieben anw\u00e4hlen und ziehen\" draggable=\"true\" data-cke-widget-drag-handler=\"1\">\u00a0<\/span><\/span><span class=\"diysem-ui-delete-box\"><span class=\"diysem-ui-delete\" title=\"Platzhalter entfernen\">\u00a0<\/span><\/span><\/span><\/p>\n<p><strong>Kontakt<\/strong><\/p>\n<p>Telefon:\u00a0<a href=\"tel:02456%204620\" data-cke-saved-href=\"tel:02456%204620\">02456 4620<\/a><\/p>\n<p>E-Mail: kindergarten-hoengen@t-online.de<\/p>\n<p>Sie k\u00f6nnen uns auch gerne per Videoanruf kontaktieren<\/p>\n<p><strong>Kindergartenleitung<\/strong><\/p>\n<p><span style=\"color: #353535;\">Claudia Jansen<\/span><\/p>\n<p><strong>Tr\u00e4ger:<\/strong><\/p>\n<p>Kirchengemeindeverband St. Servatius<\/p>\n<p>Pfarrer-Kreins Stra\u00dfe 2<\/p>\n<p><span class=\"cke_widget_wrapper cke_widget_inline diysem-ui-wrapper cke_widget_selected\" tabindex=\"-1\" contenteditable=\"false\" data-cke-widget-wrapper=\"1\" data-cke-filter=\"off\" data-cke-display-name=\"span\" data-cke-widget-id=\"1\"><span class=\"diysemanticplaceholder cke_widget_element\" data-semantic-data-key=\"postalCode\" data-cke-widget-data=\"{&quot;code&quot;:&quot;postalCode&quot;,&quot;value&quot;:&quot;52538&quot;,&quot;deleteHackListener&quot;:true}\" data-cke-widget-upcasted=\"1\" data-cke-widget-keep-attr=\"0\" data-widget=\"diysemanticplaceholder\">52538<\/span><span class=\"cke_reset cke_widget_drag_handler_container\"><span class=\"cke_reset cke_widget_drag_handler\" title=\"Zum verschieben anw\u00e4hlen und ziehen\" draggable=\"true\" data-cke-widget-drag-handler=\"1\">\u00a0<\/span><\/span><span class=\"diysem-ui-delete-box\"><span class=\"diysem-ui-delete\" title=\"Platzhalter entfernen\">\u00a0<\/span><\/span><\/span>\u00a0<span class=\"cke_widget_wrapper cke_widget_inline diysem-ui-wrapper cke_widget_selected\" tabindex=\"-1\" contenteditable=\"false\" data-cke-widget-wrapper=\"1\" data-cke-filter=\"off\" data-cke-display-name=\"span\" data-cke-widget-id=\"0\"><span class=\"diysemanticplaceholder cke_widget_element\" data-semantic-data-key=\"addressLocality\" data-cke-widget-data=\"{&quot;code&quot;:&quot;addressLocality&quot;,&quot;value&quot;:&quot;Selfkant&quot;,&quot;deleteHackListener&quot;:true}\" data-cke-widget-upcasted=\"1\" data-cke-widget-keep-attr=\"0\" data-widget=\"diysemanticplaceholder\">Selfkant<\/span><span class=\"cke_reset cke_widget_drag_handler_container\"><span class=\"cke_reset cke_widget_drag_handler\" title=\"Zum verschieben anw\u00e4hlen und ziehen\" draggable=\"true\" data-cke-widget-drag-handler=\"1\">\u00a0<\/span><\/span><span class=\"diysem-ui-delete-box\"><span class=\"diysem-ui-delete\" title=\"Platzhalter entfernen\">\u00a0<\/span><\/span><\/span><\/p>\n<p><strong>Gestaltung und Bilder:<\/strong><\/p>\n<p>Michelle Kretschmann[\/vc_column_text][\/vc_column][\/vc_row]<\/p>\n<\/div>","protected":false},"excerpt":{"rendered":"<p>[vc_row][vc_column][vc_column_text css=&#8220;&#8220;]Familienzentrum St. Lambertus Op de Berg\u00a0\u00a0\u00a018\u00a0\u00a0 52538\u00a0\u00a0\u00a0Selfkant\u00a0\u00a0 Kontakt Telefon:\u00a002456 4620 E-Mail: kindergarten-hoengen@t-online.de Sie k\u00f6nnen uns auch gerne per Videoanruf kontaktieren Kindergartenleitung Claudia Jansen Tr\u00e4ger: Kirchengemeindeverband St. Servatius Pfarrer-Kreins Stra\u00dfe 2 52538\u00a0\u00a0\u00a0Selfkant\u00a0\u00a0 Gestaltung und Bilder: Michelle Kretschmann[\/vc_column_text][\/vc_column][\/vc_row]<\/p>\n","protected":false},"author":1,"featured_media":0,"parent":0,"menu_order":0,"comment_status":"closed","ping_status":"closed","template":"","meta":{"footnotes":""},"class_list":["post-4115","page","type-page","status-publish","hentry"],"_links":{"self":[{"href":"https:\/\/www.kiga-hoengen.de\/index.php?rest_route=\/wp\/v2\/pages\/4115","targetHints":{"allow":["GET"]}}],"collection":[{"href":"https:\/\/www.kiga-hoengen.de\/index.php?rest_route=\/wp\/v2\/pages"}],"about":[{"href":"https:\/\/www.kiga-hoengen.de\/index.php?rest_route=\/wp\/v2\/types\/page"}],"author":[{"embeddable":true,"href":"https:\/\/www.kiga-hoengen.de\/index.php?rest_route=\/wp\/v2\/users\/1"}],"replies":[{"embeddable":true,"href":"https:\/\/www.kiga-hoengen.de\/index.php?rest_route=%2Fwp%2Fv2%2Fcomments&post=4115"}],"version-history":[{"count":2,"href":"https:\/\/www.kiga-hoengen.de\/index.php?rest_route=\/wp\/v2\/pages\/4115\/revisions"}],"predecessor-version":[{"id":4117,"href":"https:\/\/www.kiga-hoengen.de\/index.php?rest_route=\/wp\/v2\/pages\/4115\/revisions\/4117"}],"wp:attachment":[{"href":"https:\/\/www.kiga-hoengen.de\/index.php?rest_route=%2Fwp%2Fv2%2Fmedia&parent=4115"}],"curies":[{"name":"wp","href":"https:\/\/api.w.org\/{rel}","templated":true}]}}