{"id":4120,"date":"2025-04-15T09:01:55","date_gmt":"2025-04-15T09:01:55","guid":{"rendered":"https:\/\/www.kiga-hoengen.de\/?page_id=4120"},"modified":"2025-06-23T11:43:52","modified_gmt":"2025-06-23T11:43:52","slug":"erzieher-in-und-kinderpfleger-in-m-w-d-in-teil-oder-vollzeit","status":"publish","type":"page","link":"https:\/\/www.kiga-hoengen.de\/?page_id=4120","title":{"rendered":"Kinderpfleger\/in  ( m\/w\/d )\u00a0 in\u00a0Vollzeit (auch bei Vollzeit ist eine 4 Tage-Woche m\u00f6glich)"},"content":{"rendered":"<div class=\"wpb-content-wrapper\"><p>[vc_row][vc_column][vc_column_text css=&#8220;&#8220;]<strong><span style=\"color: #3366ff;\">Wir suchen Verst\u00e4rkung f\u00fcr unser Team!<\/span><\/strong><\/p>\n<p><span style=\"color: #33b833;\"><em>Sie suchen einen Arbeitsplatz mit Herz und Sinn und einem tollen Team?<\/em><\/span><\/p>\n<p><span style=\"color: #33b833;\"><em>Dann sind sie bei uns genau richtig!<\/em><\/span><\/p>\n<p>&nbsp;<\/p>\n<p><span style=\"color: #3366ff;\"><strong><em>Wir suchen Sie \u2013<\/em><\/strong><em> eine engagierte, herzliche und qualifizierte Fachkraft, die unser Familienzentrum ab sofort tatkr\u00e4ftig unterst\u00fctzt und den Alltag mit unseren Kindern liebevoll und kreativ gestaltet.<\/em><\/span><\/p>\n<p><span style=\"color: #3366ff;\"><strong><em>Unser Kindergarten <\/em><\/strong><em>betreut in teiloffener und integrativer Arbeit Kinder im Alter von 1bis 6 Jahren in drei Gruppen. Unsere p\u00e4dagogische Arbeit ist gepr\u00e4gt von Offenheit, Wertsch\u00e4tzung und einem liebevollen Blick auf jedes einzelne Kind.<\/em><\/span><\/p>\n<p>&nbsp;<\/p>\n<p><span style=\"color: #33b833;\"><strong><em>Das bringen Sie mit:<\/em><\/strong><\/span><\/p>\n<ul>\n<li><span style=\"color: #3366ff;\"><em>eine entsprechende berufliche Qualifikation<\/em><\/span><\/li>\n<li><span style=\"color: #3366ff;\"><em>Freude an der Arbeit mit Kindern und Familien<\/em><\/span><\/li>\n<li><span style=\"color: #3366ff;\"><em>Ein offenes, freundliches und teamf\u00e4higes Wesen<\/em><\/span><\/li>\n<li><span style=\"color: #3366ff;\"><em>Eigeninitiative, Zuverl\u00e4ssigkeit und Verantwortungsbewusstsein<\/em><\/span><\/li>\n<li><span style=\"color: #3366ff;\"><em>Identifikation mit den Zielen eines kirchlichen Tr\u00e4gers<\/em><\/span><\/li>\n<\/ul>\n<p><strong><em>\u00a0<\/em><\/strong><\/p>\n<p><span style=\"color: #33b833;\"><strong><em>Das bieten wir Ihnen:<\/em><\/strong><\/span><\/p>\n<ul>\n<li><span style=\"color: #3366ff;\"><em>Spannende und vielseitige Aufgaben<\/em><\/span><\/li>\n<li><span style=\"color: #3366ff;\"><em>Eigenst\u00e4ndiges und abwechslungsreiches Arbeiten<\/em><\/span><\/li>\n<li><span style=\"color: #3366ff;\"><em>Ein motiviertes Team mit gelebter gegenseitiger Wertsch\u00e4tzung<\/em><\/span><\/li>\n<li><span style=\"color: #3366ff;\"><em>Pers\u00f6nliche Entwicklungsm\u00f6glichkeiten sowie Fort- und Weiterbildungen<\/em><\/span><\/li>\n<li><span style=\"color: #3366ff;\"><em>Eine gute, strukturierte Einarbeitung und Unterst\u00fctzung<\/em><\/span><\/li>\n<li><span style=\"color: #3366ff;\"><em>Gute schnelle Kommunikationswege<\/em><\/span><\/li>\n<li><span style=\"color: #3366ff;\"><em>Eine 4-Tage-Woche bei einer 39h\/Woche ist m\u00f6glich<\/em><\/span><\/li>\n<li><span style=\"color: #3366ff;\">30 Urlaubstage zzgl. 2 Regenerationstage<\/span><\/li>\n<li><span style=\"color: #3366ff;\">Weihnachtsgeld<\/span><\/li>\n<li><span style=\"color: #3366ff;\"><em>Verg\u00fctung inklusive Sozialleistungen nach den Bestimmungen der KAVO<\/em><\/span><\/li>\n<\/ul>\n<p>&nbsp;<\/p>\n<p><span style=\"color: #33b833;\"><strong><em>Klingt gut?<\/em><\/strong><\/span><\/p>\n<p><span style=\"color: #3366ff;\"><em>Dann freuen wir uns auf Ihre Bewerbung \u2013 gerne per E-Mail oder postalisch.<\/em><\/span><\/p>\n<p><span style=\"color: #3366ff;\"><em>F\u00fcr Fragen oder einen pers\u00f6nlichen Eindruck stehen wir Ihnen jederzeit gerne zur Verf\u00fcgung.<\/em><\/span><\/p>\n<p>&nbsp;<\/p>\n<p><span style=\"color: #33b833;\"><strong><em>Kontakt:<\/em><\/strong><\/span><\/p>\n<p><span style=\"color: #33b833;\"><strong><em>KGV St. Servatius, Pfarrer Kreins Stra\u00dfe 2, 52538 Selfkant<\/em><\/strong><\/span><\/p>\n<p><span style=\"color: #33b833;\"><strong><em><u>E-Mail: kgv-servatius@kirche-selfkant.de<\/u><\/em><\/strong><\/span>[\/vc_column_text][\/vc_column][\/vc_row]<\/p>\n<\/div>","protected":false},"excerpt":{"rendered":"<p>[vc_row][vc_column][vc_column_text css=&#8220;&#8220;]Wir suchen Verst\u00e4rkung f\u00fcr unser Team! Sie suchen einen Arbeitsplatz mit Herz und Sinn und einem tollen Team? Dann sind sie bei uns genau richtig! &nbsp; Wir suchen Sie \u2013 eine engagierte, herzliche und qualifizierte Fachkraft, die unser Familienzentrum ab sofort tatkr\u00e4ftig unterst\u00fctzt und den Alltag mit unseren Kindern liebevoll und kreativ gestaltet. Unser [&hellip;]<\/p>\n","protected":false},"author":1,"featured_media":0,"parent":0,"menu_order":0,"comment_status":"closed","ping_status":"closed","template":"","meta":{"footnotes":""},"class_list":["post-4120","page","type-page","status-publish","hentry"],"_links":{"self":[{"href":"https:\/\/www.kiga-hoengen.de\/index.php?rest_route=\/wp\/v2\/pages\/4120","targetHints":{"allow":["GET"]}}],"collection":[{"href":"https:\/\/www.kiga-hoengen.de\/index.php?rest_route=\/wp\/v2\/pages"}],"about":[{"href":"https:\/\/www.kiga-hoengen.de\/index.php?rest_route=\/wp\/v2\/types\/page"}],"author":[{"embeddable":true,"href":"https:\/\/www.kiga-hoengen.de\/index.php?rest_route=\/wp\/v2\/users\/1"}],"replies":[{"embeddable":true,"href":"https:\/\/www.kiga-hoengen.de\/index.php?rest_route=%2Fwp%2Fv2%2Fcomments&post=4120"}],"version-history":[{"count":7,"href":"https:\/\/www.kiga-hoengen.de\/index.php?rest_route=\/wp\/v2\/pages\/4120\/revisions"}],"predecessor-version":[{"id":4168,"href":"https:\/\/www.kiga-hoengen.de\/index.php?rest_route=\/wp\/v2\/pages\/4120\/revisions\/4168"}],"wp:attachment":[{"href":"https:\/\/www.kiga-hoengen.de\/index.php?rest_route=%2Fwp%2Fv2%2Fmedia&parent=4120"}],"curies":[{"name":"wp","href":"https:\/\/api.w.org\/{rel}","templated":true}]}}